{"id":2731,"date":"2024-02-21T18:09:31","date_gmt":"2024-02-21T18:09:31","guid":{"rendered":"https:\/\/fetracomdf.com.br\/site\/?page_id=2731"},"modified":"2024-02-21T18:09:31","modified_gmt":"2024-02-21T18:09:31","slug":"clube-dos-comerciarios","status":"publish","type":"page","link":"https:\/\/fetracomdf.com.br\/site\/clube-dos-comerciarios\/","title":{"rendered":"Clube dos Comerci\u00e1rios"},"content":{"rendered":"<p style=\"user-select: text; word-break: break-word; font-variation-settings: var(--cib-type-body2-font-variation-settings); font-variant-ligatures: normal; font-variant-caps: normal; orphans: 2; text-align: start; widows: 2; -webkit-text-stroke-width: 0px; background-color: rgba(255, 255, 255, 0.7); text-decoration-thickness: initial; text-decoration-style: initial; text-decoration-color: initial; word-spacing: 0px; margin: 9.0pt 0cm .0001pt 0cm;\"><span style=\"font-family: 'Segoe UI',sans-serif; color: #111111;\">Voc\u00ea j\u00e1 conhece o Clube dos Comerci\u00e1rios? Localizado na Ponte Alta do Gama, esse espa\u00e7o de lazer e divers\u00e3o foi inaugurado em 2002, pelo Sindicom-DF, com o objetivo de oferecer um amplo espa\u00e7o de lazer e divers\u00e3o para os trabalhadores e trabalhadoras no com\u00e9rcio do Distrito Federal e seus familiares. <\/span><\/p>\n<p style=\"margin: 9.0pt 0cm .0001pt 0cm;\"><span style=\"font-family: 'Segoe UI',sans-serif; color: #111111;\">O clube possui uma \u00e1rea de 60 mil metros quadrados, cercada de \u00e1rvores, muito gramado e as mais variadas flores, que proporcionam um ambiente de sonho. S\u00e3o tr\u00eas piscinas, sendo uma delas semiol\u00edmpica, quadras esportivas, campo de futebol, campo de areia, sauna, churrasqueiras, parquinho infantil, sal\u00e3o de festas e restaurante, todos planejados para garantir um dia muito especial aos sindicalizados e visitantes.<\/span><\/p>\n<p style=\"margin: 9.0pt 0cm .0001pt 0cm;\"><span style=\"font-family: 'Segoe UI',sans-serif; color: #111111;\"><a href=\"https:\/\/sindicomdf.com.br\/portal\/wp-content\/uploads\/2024\/01\/img-1.jpg\"><img loading=\"lazy\" decoding=\"async\" class=\"aligncenter wp-image-10389\" src=\"https:\/\/sindicomdf.com.br\/portal\/wp-content\/uploads\/2024\/01\/img-1.jpg\" alt=\"\" width=\"700\" height=\"475\" \/><\/a><\/span><\/p>\n<p style=\"margin: 9.0pt 0cm .0001pt 0cm;\"><span style=\"font-family: 'Segoe UI',sans-serif; color: #111111;\">Para atender \u00e0 agenda da categoria, o Clube dos Comerci\u00e1rios funciona aos feriados, sextas, s\u00e1bados, domingos e segundas-feiras. Assim, todos podem aproveitar. <\/span><\/p>\n<p style=\"margin: 9.0pt 0cm .0001pt 0cm;\"><span style=\"font-family: 'Segoe UI',sans-serif; color: #111111;\">Comerci\u00e1rios e familiares n\u00e3o pagam e seus convidados, acompanhados do sindicalizado, pagam metade do valor da entrada. Ent\u00e3o, aproveite e convide seus parentes e amigos para fazer aquele churrasco, celebrar anivers\u00e1rios ou simplesmente curtir a natureza. Sim, pode entrar com alimentos e bebidas. Apenas garrafas e aparelhos de sonoriza\u00e7\u00e3o s\u00e3o proibidos.<\/span><\/p>\n<p style=\"margin: 9.0pt 0cm .0001pt 0cm;\"><span style=\"font-family: 'Segoe UI',sans-serif; color: #111111;\">O clube tamb\u00e9m conta com um sal\u00e3o de festas, o Espa\u00e7o Casa Grande, que pode ser alugado para eventos mais formais, como congressos, reuni\u00f5es, bailes e at\u00e9 casamentos.<\/span><\/p>\n<p style=\"user-select: text; word-break: break-word; font-variation-settings: var(--cib-type-body2-font-variation-settings); font-variant-ligatures: normal; font-variant-caps: normal; orphans: 2; text-align: start; widows: 2; -webkit-text-stroke-width: 0px; background-color: rgba(255, 255, 255, 0.7); text-decoration-thickness: initial; text-decoration-style: initial; text-decoration-color: initial; word-spacing: 0px; margin: 9.0pt 0cm .0001pt 0cm;\"><span style=\"font-family: 'Segoe UI',sans-serif; color: #111111;\"><a href=\"https:\/\/sindicomdf.com.br\/portal\/wp-content\/uploads\/2024\/01\/img-3.jpg\"><img loading=\"lazy\" decoding=\"async\" class=\"aligncenter wp-image-10391\" src=\"https:\/\/sindicomdf.com.br\/portal\/wp-content\/uploads\/2024\/01\/img-3.jpg\" alt=\"\" width=\"700\" height=\"466\" \/><\/a><\/span><\/p>\n<p style=\"user-select: text; word-break: break-word; font-variation-settings: var(--cib-type-body2-font-variation-settings); font-variant-ligatures: normal; font-variant-caps: normal; orphans: 2; text-align: start; widows: 2; -webkit-text-stroke-width: 0px; background-color: rgba(255, 255, 255, 0.7); text-decoration-thickness: initial; text-decoration-style: initial; text-decoration-color: initial; word-spacing: 0px; margin: 9.0pt 0cm .0001pt 0cm;\"><span style=\"font-family: 'Segoe UI',sans-serif; color: #111111;\">Comerci\u00e1rio e comerci\u00e1ria, venha usufruir do que \u00e9 seu. O Sindicom-DF valoriza a sa\u00fade e o bem-estar de seus sindicalizados. Venha fazer parte dessa fam\u00edlia e desfrutar de momentos de felicidade. Esperamos por voc\u00ea!<\/span><\/p>\n<p>&nbsp;<\/p>\n<p><a href=\"https:\/\/sindicomdf.com.br\/portal\/wp-content\/uploads\/2024\/01\/img-2.jpg\"><img loading=\"lazy\" decoding=\"async\" class=\"aligncenter wp-image-10390\" src=\"https:\/\/sindicomdf.com.br\/portal\/wp-content\/uploads\/2024\/01\/img-2.jpg\" alt=\"\" width=\"700\" height=\"314\" \/><\/a><\/p>\n<h2><strong>Valores da entrada<\/strong><\/h2>\n<ul>\n<li>Sindicalizados e familiares (esposa\/o e filhos) &#8211; n\u00e3o pagam<\/li>\n<li>Convidados adultos acompanhados de sindicalizados &#8211; R$ 15<\/li>\n<li>Convidados infantis, de 6 a 10 anos, acompanhados de sindicalizados &#8211; R$ 10<\/li>\n<li>P\u00fablico adulto em geral &#8211; R$ 30<\/li>\n<li>P\u00fablico infantil de 6 a 10 anos &#8211; R$ 15<\/li>\n<li>Crian\u00e7as de at\u00e9 5 anos n\u00e3o pagam.<\/li>\n<\/ul>\n<p>Maiores informa\u00e7\u00f5es no Sindicom-DF, telefones: 61) 3224-3808\/3038-2200<\/p>\n","protected":false},"excerpt":{"rendered":"<p>Voc\u00ea j\u00e1 conhece o Clube dos Comerci\u00e1rios? Localizado na Ponte Alta do Gama, esse espa\u00e7o de lazer e divers\u00e3o foi inaugurado em 2002, pelo Sindicom-DF, com o objetivo de oferecer um amplo espa\u00e7o de lazer e divers\u00e3o para os trabalhadores e trabalhadoras no com\u00e9rcio do Distrito Federal e seus familiares. O clube possui uma \u00e1rea [&hellip;]<\/p>\n","protected":false},"author":2,"featured_media":0,"parent":0,"menu_order":0,"comment_status":"closed","ping_status":"closed","template":"","meta":{"footnotes":""},"class_list":["post-2731","page","type-page","status-publish"],"yoast_head":"<!-- This site is optimized with the Yoast SEO plugin v22.5 - https:\/\/yoast.com\/wordpress\/plugins\/seo\/ -->\n<title>Clube dos Comerci\u00e1rios - FETRACOM-DF<\/title>\n<meta name=\"robots\" content=\"index, follow, max-snippet:-1, max-image-preview:large, max-video-preview:-1\" \/>\n<link rel=\"canonical\" href=\"https:\/\/fetracomdf.com.br\/site\/clube-dos-comerciarios\/\" \/>\n<meta property=\"og:locale\" content=\"pt_PT\" \/>\n<meta property=\"og:type\" content=\"article\" \/>\n<meta property=\"og:title\" content=\"Clube dos Comerci\u00e1rios - FETRACOM-DF\" \/>\n<meta property=\"og:description\" content=\"Voc\u00ea j\u00e1 conhece o Clube dos Comerci\u00e1rios? Localizado na Ponte Alta do Gama, esse espa\u00e7o de lazer e divers\u00e3o foi inaugurado em 2002, pelo Sindicom-DF, com o objetivo de oferecer um amplo espa\u00e7o de lazer e divers\u00e3o para os trabalhadores e trabalhadoras no com\u00e9rcio do Distrito Federal e seus familiares. O clube possui uma \u00e1rea [&hellip;]\" \/>\n<meta property=\"og:url\" content=\"https:\/\/fetracomdf.com.br\/site\/clube-dos-comerciarios\/\" \/>\n<meta property=\"og:site_name\" content=\"FETRACOM-DF\" \/>\n<meta property=\"og:image\" content=\"https:\/\/sindicomdf.com.br\/portal\/wp-content\/uploads\/2024\/01\/img-1.jpg\" \/>\n<meta name=\"twitter:card\" content=\"summary_large_image\" \/>\n<meta name=\"twitter:label1\" content=\"Tempo estimado de leitura\" \/>\n\t<meta name=\"twitter:data1\" content=\"3 minutos\" \/>\n<script type=\"application\/ld+json\" class=\"yoast-schema-graph\">{\"@context\":\"https:\/\/schema.org\",\"@graph\":[{\"@type\":\"WebPage\",\"@id\":\"https:\/\/fetracomdf.com.br\/site\/clube-dos-comerciarios\/\",\"url\":\"https:\/\/fetracomdf.com.br\/site\/clube-dos-comerciarios\/\",\"name\":\"Clube dos Comerci\u00e1rios - FETRACOM-DF\",\"isPartOf\":{\"@id\":\"https:\/\/fetracomdf.com.br\/site\/#website\"},\"primaryImageOfPage\":{\"@id\":\"https:\/\/fetracomdf.com.br\/site\/clube-dos-comerciarios\/#primaryimage\"},\"image\":{\"@id\":\"https:\/\/fetracomdf.com.br\/site\/clube-dos-comerciarios\/#primaryimage\"},\"thumbnailUrl\":\"https:\/\/sindicomdf.com.br\/portal\/wp-content\/uploads\/2024\/01\/img-1.jpg\",\"datePublished\":\"2024-02-21T18:09:31+00:00\",\"dateModified\":\"2024-02-21T18:09:31+00:00\",\"breadcrumb\":{\"@id\":\"https:\/\/fetracomdf.com.br\/site\/clube-dos-comerciarios\/#breadcrumb\"},\"inLanguage\":\"pt-PT\",\"potentialAction\":[{\"@type\":\"ReadAction\",\"target\":[\"https:\/\/fetracomdf.com.br\/site\/clube-dos-comerciarios\/\"]}]},{\"@type\":\"ImageObject\",\"inLanguage\":\"pt-PT\",\"@id\":\"https:\/\/fetracomdf.com.br\/site\/clube-dos-comerciarios\/#primaryimage\",\"url\":\"https:\/\/sindicomdf.com.br\/portal\/wp-content\/uploads\/2024\/01\/img-1.jpg\",\"contentUrl\":\"https:\/\/sindicomdf.com.br\/portal\/wp-content\/uploads\/2024\/01\/img-1.jpg\"},{\"@type\":\"BreadcrumbList\",\"@id\":\"https:\/\/fetracomdf.com.br\/site\/clube-dos-comerciarios\/#breadcrumb\",\"itemListElement\":[{\"@type\":\"ListItem\",\"position\":1,\"name\":\"In\u00edcio\",\"item\":\"https:\/\/fetracomdf.com.br\/site\/\"},{\"@type\":\"ListItem\",\"position\":2,\"name\":\"Clube dos Comerci\u00e1rios\"}]},{\"@type\":\"WebSite\",\"@id\":\"https:\/\/fetracomdf.com.br\/site\/#website\",\"url\":\"https:\/\/fetracomdf.com.br\/site\/\",\"name\":\"FETRACOM-DF\",\"description\":\"Federa\u00e7\u00e3o dos Trabalhadores no Com\u00e9rcio e Servi\u00e7os do DF\",\"potentialAction\":[{\"@type\":\"SearchAction\",\"target\":{\"@type\":\"EntryPoint\",\"urlTemplate\":\"https:\/\/fetracomdf.com.br\/site\/?s={search_term_string}\"},\"query-input\":\"required name=search_term_string\"}],\"inLanguage\":\"pt-PT\"}]}<\/script>\n<!-- \/ Yoast SEO plugin. -->","yoast_head_json":{"title":"Clube dos Comerci\u00e1rios - FETRACOM-DF","robots":{"index":"index","follow":"follow","max-snippet":"max-snippet:-1","max-image-preview":"max-image-preview:large","max-video-preview":"max-video-preview:-1"},"canonical":"https:\/\/fetracomdf.com.br\/site\/clube-dos-comerciarios\/","og_locale":"pt_PT","og_type":"article","og_title":"Clube dos Comerci\u00e1rios - FETRACOM-DF","og_description":"Voc\u00ea j\u00e1 conhece o Clube dos Comerci\u00e1rios? Localizado na Ponte Alta do Gama, esse espa\u00e7o de lazer e divers\u00e3o foi inaugurado em 2002, pelo Sindicom-DF, com o objetivo de oferecer um amplo espa\u00e7o de lazer e divers\u00e3o para os trabalhadores e trabalhadoras no com\u00e9rcio do Distrito Federal e seus familiares. O clube possui uma \u00e1rea [&hellip;]","og_url":"https:\/\/fetracomdf.com.br\/site\/clube-dos-comerciarios\/","og_site_name":"FETRACOM-DF","og_image":[{"url":"https:\/\/sindicomdf.com.br\/portal\/wp-content\/uploads\/2024\/01\/img-1.jpg"}],"twitter_card":"summary_large_image","twitter_misc":{"Tempo estimado de leitura":"3 minutos"},"schema":{"@context":"https:\/\/schema.org","@graph":[{"@type":"WebPage","@id":"https:\/\/fetracomdf.com.br\/site\/clube-dos-comerciarios\/","url":"https:\/\/fetracomdf.com.br\/site\/clube-dos-comerciarios\/","name":"Clube dos Comerci\u00e1rios - FETRACOM-DF","isPartOf":{"@id":"https:\/\/fetracomdf.com.br\/site\/#website"},"primaryImageOfPage":{"@id":"https:\/\/fetracomdf.com.br\/site\/clube-dos-comerciarios\/#primaryimage"},"image":{"@id":"https:\/\/fetracomdf.com.br\/site\/clube-dos-comerciarios\/#primaryimage"},"thumbnailUrl":"https:\/\/sindicomdf.com.br\/portal\/wp-content\/uploads\/2024\/01\/img-1.jpg","datePublished":"2024-02-21T18:09:31+00:00","dateModified":"2024-02-21T18:09:31+00:00","breadcrumb":{"@id":"https:\/\/fetracomdf.com.br\/site\/clube-dos-comerciarios\/#breadcrumb"},"inLanguage":"pt-PT","potentialAction":[{"@type":"ReadAction","target":["https:\/\/fetracomdf.com.br\/site\/clube-dos-comerciarios\/"]}]},{"@type":"ImageObject","inLanguage":"pt-PT","@id":"https:\/\/fetracomdf.com.br\/site\/clube-dos-comerciarios\/#primaryimage","url":"https:\/\/sindicomdf.com.br\/portal\/wp-content\/uploads\/2024\/01\/img-1.jpg","contentUrl":"https:\/\/sindicomdf.com.br\/portal\/wp-content\/uploads\/2024\/01\/img-1.jpg"},{"@type":"BreadcrumbList","@id":"https:\/\/fetracomdf.com.br\/site\/clube-dos-comerciarios\/#breadcrumb","itemListElement":[{"@type":"ListItem","position":1,"name":"In\u00edcio","item":"https:\/\/fetracomdf.com.br\/site\/"},{"@type":"ListItem","position":2,"name":"Clube dos Comerci\u00e1rios"}]},{"@type":"WebSite","@id":"https:\/\/fetracomdf.com.br\/site\/#website","url":"https:\/\/fetracomdf.com.br\/site\/","name":"FETRACOM-DF","description":"Federa\u00e7\u00e3o dos Trabalhadores no Com\u00e9rcio e Servi\u00e7os do DF","potentialAction":[{"@type":"SearchAction","target":{"@type":"EntryPoint","urlTemplate":"https:\/\/fetracomdf.com.br\/site\/?s={search_term_string}"},"query-input":"required name=search_term_string"}],"inLanguage":"pt-PT"}]}},"_links":{"self":[{"href":"https:\/\/fetracomdf.com.br\/site\/wp-json\/wp\/v2\/pages\/2731","targetHints":{"allow":["GET"]}}],"collection":[{"href":"https:\/\/fetracomdf.com.br\/site\/wp-json\/wp\/v2\/pages"}],"about":[{"href":"https:\/\/fetracomdf.com.br\/site\/wp-json\/wp\/v2\/types\/page"}],"author":[{"embeddable":true,"href":"https:\/\/fetracomdf.com.br\/site\/wp-json\/wp\/v2\/users\/2"}],"replies":[{"embeddable":true,"href":"https:\/\/fetracomdf.com.br\/site\/wp-json\/wp\/v2\/comments?post=2731"}],"version-history":[{"count":1,"href":"https:\/\/fetracomdf.com.br\/site\/wp-json\/wp\/v2\/pages\/2731\/revisions"}],"predecessor-version":[{"id":2733,"href":"https:\/\/fetracomdf.com.br\/site\/wp-json\/wp\/v2\/pages\/2731\/revisions\/2733"}],"wp:attachment":[{"href":"https:\/\/fetracomdf.com.br\/site\/wp-json\/wp\/v2\/media?parent=2731"}],"curies":[{"name":"wp","href":"https:\/\/api.w.org\/{rel}","templated":true}]}}