{"id":410,"date":"2015-12-07T11:00:43","date_gmt":"2015-12-07T11:00:43","guid":{"rendered":"http:\/\/fetracomdf.com.br\/site\/?page_id=410"},"modified":"2015-12-07T11:00:43","modified_gmt":"2015-12-07T11:00:43","slug":"sindicatos-filiados","status":"publish","type":"page","link":"https:\/\/fetracomdf.com.br\/site\/sindicatos-filiados\/","title":{"rendered":"SINDICATOS FILIADOS"},"content":{"rendered":"<p><strong><span style=\"color: #ff0000; font-size: medium;\"><a href=\"http:\/\/www.sindecat.com.br\">SINDECAT<br \/>\n<\/a><\/span><\/strong><span style=\"color: #000000; font-size: small;\">Sindicato dos Empregados no Com\u00e9rcio Atacadista do DF<\/span><\/p>\n<p><strong><span style=\"color: #ff0000; font-size: medium;\">SINDIVIDROS<br \/>\n<\/span><\/strong><span style=\"color: #000000; font-size: small;\">Sindicato dos Trabalhadores em Vidra\u00e7aria, Molduras e Boxes do Distrito Federal.<\/span><\/p>\n<p><strong><span style=\"color: #ff0000; font-size: medium;\"><a href=\"http:\/\/www.sindapoio.com.br\" target=\"_blank\" rel=\"noopener\">SINDAPOIO<br \/>\n<\/a><\/span><\/strong><span style=\"font-size: small;\">Sindicato dos Trabalhadores em Locadoras de V\u00eddeo, Escrit\u00f3rio de Advocacia, Escrit\u00f3rio de Assessoria, Cobran\u00e7a e Consultoria do DF.<\/span><\/p>\n<p><strong><span style=\"color: #ff0000; font-size: medium;\"><a href=\"http:\/\/www.sindicomdf.com.br\" target=\"_blank\" rel=\"noopener\">SINDICOM<br \/>\n<\/a><\/span><\/strong><span style=\"color: #000000; font-size: small;\">Sindicato dos Empregados no Com\u00e9rcio do DF.<\/span><\/p>\n<p><strong><span style=\"color: #ff0000; font-size: medium;\"><a href=\"http:\/\/www.sintramacon.com.br\" target=\"_blank\" rel=\"noopener\">SINTRAMACON<br \/>\n<\/a><\/span><\/strong><span style=\"font-size: small;\">Sindicato dos Trabalhadores no Com\u00e9rcio Atacadista e Varejista de Materiais de Constru\u00e7\u00e3o do Distrito Federal. <\/span><\/p>\n<p><span style=\"color: #ff0000; font-size: medium;\"><strong><a href=\"http:\/\/www.sindbombeirosdf.org\" target=\"_blank\" rel=\"noopener\">SINDBOMBEIROS<\/a><\/strong><a href=\"http:\/\/www.sintrafarmadf.com.br\" target=\"_blank\" rel=\"noopener\"><br \/>\n<\/a><span style=\"color: #000000; font-size: small;\">Sindicato dos Bombeiros Civis do DF<\/span><\/span><\/p>\n<p><strong><span style=\"color: #ff0000; font-size: medium;\"><a href=\"http:\/\/www.sieamedf.org.br\" target=\"_blank\" rel=\"noopener\">SIEAME<br \/>\n<\/a><\/span><\/strong><span style=\"font-size: small;\">Sindicato\u00a0dos\u00a0Instrutores\u00a0e Empregados\u00a0em Auto\u00a0e Moto Escolas\u00a0do Distrito Federal<\/span>\u00a0.<\/p>\n<p><strong><span style=\"color: #ff0000; font-size: medium;\"><a href=\"http:\/\/www.sintserndf.org.br\" target=\"_blank\" rel=\"noopener\">SINTSERN<br \/>\n<\/a><\/span><\/strong><span style=\"font-size: small;\">Sindicato dos\u00a0 trabalhadores em Servi\u00e7os Registrais e Notariais do Distrito Federal<\/span>\u00a0.<\/p>\n<p><strong><span style=\"color: #ff0000; font-size: medium;\"><a href=\"http:\/\/www.sintrabe.com.br\">SINTRABE<br \/>\n<\/a><\/span><\/strong><span style=\"font-size: small;\">Sindicato dos Trabalhadores\u00a0nas Ind\u00fastrias, Transporte, Armazenamento, Distribui\u00e7\u00e3o, Venda, Exporta\u00e7\u00e3o e Importa\u00e7\u00e3o de \u00c1lcool, Bebidas e Derivados no Didtrito Federal e Munic\u00edpios do Entorno.<\/span><\/p>\n<p><strong><span style=\"color: #ff0000; font-size: medium;\"><a href=\"http:\/\/sindnacoes.org.br\/\" target=\"_blank\" rel=\"noopener\">SINDNA\u00c7\u00d5ES<br \/>\n<\/a><\/span><\/strong><span style=\"font-size: small;\">Sindicato Nacional dos Trabalhadores em Embaixadas, Consulados, Organismos Internacionais e Empregados que Laboram para Estado Estrangeiro ou para Membros do Corpo Diplom\u00e1tico Estrangeiro no Brasil.<\/span><\/p>\n<p><strong><span style=\"color: #ff0000; font-size: medium;\">SECOMCAR\/DF<br \/>\n<\/span><\/strong><span style=\"font-size: small;\">Sindicato dos Empregados no Com\u00e9rcio de Carnes Frescas em Geral e Seus Similares no Distrito Federal.<\/span><\/p>\n<p><strong><span style=\"color: #ff0000; font-size: medium;\">SEEG\/DF<br \/>\n<\/span><\/strong><span style=\"font-size: small;\">Sindicato dos Empregados em Estacionamentos e Garagens P\u00fablicas e Privadas do Distrito Federal.<\/span><\/p>\n<p><strong><span style=\"color: #ff0000; font-size: medium;\">SINDCLUBES\/DF<br \/>\n<\/span><\/strong><span style=\"font-size: small;\">Sindicato dos\u00a0Trabalhadores em Entidades\u00a0Recreativas Assitenciais de Lazer e Desporto\u00a0do Distrito Federal.<\/span><\/p>\n<p><span style=\"font-size: medium;\"><strong><span style=\"color: #ff0000;\">SINDLURB\/DF<\/span><br \/>\n<\/strong><\/span><span style=\"font-family: tahoma,arial,helvetica,sans-serif; font-size: small;\">Sindicato dos Trabalhadores nas Associa\u00e7\u00f5es <\/span><span style=\"font-family: tahoma,arial,helvetica,sans-serif; font-size: small;\">Comunit\u00e1rias de Carroceiros e Demais Prestadoras de Servi\u00e7o Terceirizado em Parceria e\/ou Conveniados da Limpeza Urbana no Distrito Federal.<\/span><\/p>\n<p><span style=\"font-style: inherit; font-size: medium; font-weight: inherit;\"><strong><span style=\"color: #ff0000;\">SINDBELEZA\/DF<br \/>\n<\/span><\/strong>\u00a0Sindicato dos trabalhadores em sal\u00e3o de beleza, clinica de beleza e institutos de beleza do DF.<\/span><\/p>\n<p><span style=\"font-style: inherit; font-size: small; font-weight: inherit;\">\u00a0<\/span><\/p>\n","protected":false},"excerpt":{"rendered":"<p>SINDECAT Sindicato dos Empregados no Com\u00e9rcio Atacadista do DF SINDIVIDROS Sindicato dos Trabalhadores em Vidra\u00e7aria, Molduras e Boxes do Distrito Federal. SINDAPOIO Sindicato dos Trabalhadores em Locadoras de V\u00eddeo, Escrit\u00f3rio de Advocacia, Escrit\u00f3rio de Assessoria, Cobran\u00e7a e Consultoria do DF. SINDICOM Sindicato dos Empregados no Com\u00e9rcio do DF. SINTRAMACON Sindicato dos Trabalhadores no Com\u00e9rcio Atacadista [&hellip;]<\/p>\n","protected":false},"author":2,"featured_media":0,"parent":0,"menu_order":0,"comment_status":"closed","ping_status":"closed","template":"","meta":{"footnotes":""},"class_list":["post-410","page","type-page","status-publish"],"yoast_head":"<!-- This site is optimized with the Yoast SEO plugin v22.5 - https:\/\/yoast.com\/wordpress\/plugins\/seo\/ -->\n<title>SINDICATOS FILIADOS - FETRACOM-DF<\/title>\n<meta name=\"robots\" content=\"index, follow, max-snippet:-1, max-image-preview:large, max-video-preview:-1\" \/>\n<link rel=\"canonical\" href=\"https:\/\/fetracomdf.com.br\/site\/sindicatos-filiados\/\" \/>\n<meta property=\"og:locale\" content=\"pt_PT\" \/>\n<meta property=\"og:type\" content=\"article\" \/>\n<meta property=\"og:title\" content=\"SINDICATOS FILIADOS - FETRACOM-DF\" \/>\n<meta property=\"og:description\" content=\"SINDECAT Sindicato dos Empregados no Com\u00e9rcio Atacadista do DF SINDIVIDROS Sindicato dos Trabalhadores em Vidra\u00e7aria, Molduras e Boxes do Distrito Federal. SINDAPOIO Sindicato dos Trabalhadores em Locadoras de V\u00eddeo, Escrit\u00f3rio de Advocacia, Escrit\u00f3rio de Assessoria, Cobran\u00e7a e Consultoria do DF. SINDICOM Sindicato dos Empregados no Com\u00e9rcio do DF. SINTRAMACON Sindicato dos Trabalhadores no Com\u00e9rcio Atacadista [&hellip;]\" \/>\n<meta property=\"og:url\" content=\"https:\/\/fetracomdf.com.br\/site\/sindicatos-filiados\/\" \/>\n<meta property=\"og:site_name\" content=\"FETRACOM-DF\" \/>\n<meta name=\"twitter:card\" content=\"summary_large_image\" \/>\n<meta name=\"twitter:label1\" content=\"Tempo estimado de leitura\" \/>\n\t<meta name=\"twitter:data1\" content=\"1 minuto\" \/>\n<script type=\"application\/ld+json\" class=\"yoast-schema-graph\">{\"@context\":\"https:\/\/schema.org\",\"@graph\":[{\"@type\":\"WebPage\",\"@id\":\"https:\/\/fetracomdf.com.br\/site\/sindicatos-filiados\/\",\"url\":\"https:\/\/fetracomdf.com.br\/site\/sindicatos-filiados\/\",\"name\":\"SINDICATOS FILIADOS - FETRACOM-DF\",\"isPartOf\":{\"@id\":\"https:\/\/fetracomdf.com.br\/site\/#website\"},\"datePublished\":\"2015-12-07T11:00:43+00:00\",\"dateModified\":\"2015-12-07T11:00:43+00:00\",\"breadcrumb\":{\"@id\":\"https:\/\/fetracomdf.com.br\/site\/sindicatos-filiados\/#breadcrumb\"},\"inLanguage\":\"pt-PT\",\"potentialAction\":[{\"@type\":\"ReadAction\",\"target\":[\"https:\/\/fetracomdf.com.br\/site\/sindicatos-filiados\/\"]}]},{\"@type\":\"BreadcrumbList\",\"@id\":\"https:\/\/fetracomdf.com.br\/site\/sindicatos-filiados\/#breadcrumb\",\"itemListElement\":[{\"@type\":\"ListItem\",\"position\":1,\"name\":\"In\u00edcio\",\"item\":\"https:\/\/fetracomdf.com.br\/site\/\"},{\"@type\":\"ListItem\",\"position\":2,\"name\":\"SINDICATOS FILIADOS\"}]},{\"@type\":\"WebSite\",\"@id\":\"https:\/\/fetracomdf.com.br\/site\/#website\",\"url\":\"https:\/\/fetracomdf.com.br\/site\/\",\"name\":\"FETRACOM-DF\",\"description\":\"Federa\u00e7\u00e3o dos Trabalhadores no Com\u00e9rcio e Servi\u00e7os do DF\",\"potentialAction\":[{\"@type\":\"SearchAction\",\"target\":{\"@type\":\"EntryPoint\",\"urlTemplate\":\"https:\/\/fetracomdf.com.br\/site\/?s={search_term_string}\"},\"query-input\":\"required name=search_term_string\"}],\"inLanguage\":\"pt-PT\"}]}<\/script>\n<!-- \/ Yoast SEO plugin. -->","yoast_head_json":{"title":"SINDICATOS FILIADOS - FETRACOM-DF","robots":{"index":"index","follow":"follow","max-snippet":"max-snippet:-1","max-image-preview":"max-image-preview:large","max-video-preview":"max-video-preview:-1"},"canonical":"https:\/\/fetracomdf.com.br\/site\/sindicatos-filiados\/","og_locale":"pt_PT","og_type":"article","og_title":"SINDICATOS FILIADOS - FETRACOM-DF","og_description":"SINDECAT Sindicato dos Empregados no Com\u00e9rcio Atacadista do DF SINDIVIDROS Sindicato dos Trabalhadores em Vidra\u00e7aria, Molduras e Boxes do Distrito Federal. SINDAPOIO Sindicato dos Trabalhadores em Locadoras de V\u00eddeo, Escrit\u00f3rio de Advocacia, Escrit\u00f3rio de Assessoria, Cobran\u00e7a e Consultoria do DF. SINDICOM Sindicato dos Empregados no Com\u00e9rcio do DF. SINTRAMACON Sindicato dos Trabalhadores no Com\u00e9rcio Atacadista [&hellip;]","og_url":"https:\/\/fetracomdf.com.br\/site\/sindicatos-filiados\/","og_site_name":"FETRACOM-DF","twitter_card":"summary_large_image","twitter_misc":{"Tempo estimado de leitura":"1 minuto"},"schema":{"@context":"https:\/\/schema.org","@graph":[{"@type":"WebPage","@id":"https:\/\/fetracomdf.com.br\/site\/sindicatos-filiados\/","url":"https:\/\/fetracomdf.com.br\/site\/sindicatos-filiados\/","name":"SINDICATOS FILIADOS - FETRACOM-DF","isPartOf":{"@id":"https:\/\/fetracomdf.com.br\/site\/#website"},"datePublished":"2015-12-07T11:00:43+00:00","dateModified":"2015-12-07T11:00:43+00:00","breadcrumb":{"@id":"https:\/\/fetracomdf.com.br\/site\/sindicatos-filiados\/#breadcrumb"},"inLanguage":"pt-PT","potentialAction":[{"@type":"ReadAction","target":["https:\/\/fetracomdf.com.br\/site\/sindicatos-filiados\/"]}]},{"@type":"BreadcrumbList","@id":"https:\/\/fetracomdf.com.br\/site\/sindicatos-filiados\/#breadcrumb","itemListElement":[{"@type":"ListItem","position":1,"name":"In\u00edcio","item":"https:\/\/fetracomdf.com.br\/site\/"},{"@type":"ListItem","position":2,"name":"SINDICATOS FILIADOS"}]},{"@type":"WebSite","@id":"https:\/\/fetracomdf.com.br\/site\/#website","url":"https:\/\/fetracomdf.com.br\/site\/","name":"FETRACOM-DF","description":"Federa\u00e7\u00e3o dos Trabalhadores no Com\u00e9rcio e Servi\u00e7os do DF","potentialAction":[{"@type":"SearchAction","target":{"@type":"EntryPoint","urlTemplate":"https:\/\/fetracomdf.com.br\/site\/?s={search_term_string}"},"query-input":"required name=search_term_string"}],"inLanguage":"pt-PT"}]}},"_links":{"self":[{"href":"https:\/\/fetracomdf.com.br\/site\/wp-json\/wp\/v2\/pages\/410","targetHints":{"allow":["GET"]}}],"collection":[{"href":"https:\/\/fetracomdf.com.br\/site\/wp-json\/wp\/v2\/pages"}],"about":[{"href":"https:\/\/fetracomdf.com.br\/site\/wp-json\/wp\/v2\/types\/page"}],"author":[{"embeddable":true,"href":"https:\/\/fetracomdf.com.br\/site\/wp-json\/wp\/v2\/users\/2"}],"replies":[{"embeddable":true,"href":"https:\/\/fetracomdf.com.br\/site\/wp-json\/wp\/v2\/comments?post=410"}],"version-history":[{"count":0,"href":"https:\/\/fetracomdf.com.br\/site\/wp-json\/wp\/v2\/pages\/410\/revisions"}],"wp:attachment":[{"href":"https:\/\/fetracomdf.com.br\/site\/wp-json\/wp\/v2\/media?parent=410"}],"curies":[{"name":"wp","href":"https:\/\/api.w.org\/{rel}","templated":true}]}}