{"id":413,"date":"2015-12-07T11:07:16","date_gmt":"2015-12-07T11:07:16","guid":{"rendered":"http:\/\/fetracomdf.com.br\/site\/?page_id=413"},"modified":"2023-07-06T19:56:24","modified_gmt":"2023-07-06T19:56:24","slug":"diretoria","status":"publish","type":"page","link":"https:\/\/fetracomdf.com.br\/site\/diretoria\/","title":{"rendered":"CONHE\u00c7A NOSSA DIRETORIA"},"content":{"rendered":"<h3><strong>2023 &#8211; 2027<\/strong><\/h3>\n<p>ALBERTO OLIVEIRA SANTOS<br \/>\nFELIPE ARAUJO SOUSA<br \/>\nWASHINGTON DOMINGUES NEVES<br \/>\nRAIMUNDO NONATO CORREA MORAIS<br \/>\nGERALDA GODINHO DE SALES<br \/>\nVERA LUCIA RODRIGUES DE FRAN\u00c7A<br \/>\nARNALDO CORREA DE OLIVEIRA<br \/>\nALAN GERMANO GRANJEIRO<br \/>\nJACKSON DA SILVA \u00c1ZARA<br \/>\nMARIO ELI LOPES DOS SANTOS<br \/>\nONEIDES PACHECO DE SOUSA<br \/>\nCARLOS HENRIQUE ALVES DA SILVA<br \/>\nDANIEL BORGES DE OLIVEIRA<br \/>\nWILLIAM DOMINGUES NEVES<br \/>\nJOLANDA COSTA DIAS<br \/>\nJULIMAR ROBERO DE OLIVEIRA NONATO<br \/>\nDJANANE BRITO LUIZ DA SILVA<br \/>\nFAUSTINA RIBEIRO DA MOTA<br \/>\nMEIRE BARBOSA DE MORAIS GOMES<br \/>\nTIAGO BITENCOURT NEVES<br \/>\nJACINTO VIANA SILVA E CASTRO<br \/>\nRAIMUNDO DOMINGOS DE OLIVEIRA SILVA<br \/>\nRAIMUNDO LUIZ DE OLIVEIRA<br \/>\nDIOGO SANTA CRUZ AGUIAR<br \/>\nEDIWANE NUNES PEREIRA<br \/>\nCELIA NERES DA CONCEI\u00c7\u00c3O<br \/>\nFRANCISCO LUIZ SARAIVA COSTA<br \/>\nANTONIO SALES ROCHA<br \/>\nEVANDRO FRANCISCO DA SILVA<br \/>\nWILSON MOURA DE MORAIS<br \/>\nJOCILENE DOS SANTOS PEREIRA<br \/>\nCLODOALDO DA SILVA DOS SANTOS<br \/>\nJUCELINO ALVES DE SOUZA<br \/>\nEDUARDO APARECIDO SILVA DUARTE<\/p>\n","protected":false},"excerpt":{"rendered":"<p>2023 &#8211; 2027 ALBERTO OLIVEIRA SANTOS FELIPE ARAUJO SOUSA WASHINGTON DOMINGUES NEVES RAIMUNDO NONATO CORREA MORAIS GERALDA GODINHO DE SALES VERA LUCIA RODRIGUES DE FRAN\u00c7A ARNALDO CORREA DE OLIVEIRA ALAN GERMANO GRANJEIRO JACKSON DA SILVA \u00c1ZARA MARIO ELI LOPES DOS SANTOS ONEIDES PACHECO DE SOUSA CARLOS HENRIQUE ALVES DA SILVA DANIEL BORGES DE OLIVEIRA WILLIAM [&hellip;]<\/p>\n","protected":false},"author":2,"featured_media":0,"parent":0,"menu_order":0,"comment_status":"closed","ping_status":"closed","template":"","meta":{"footnotes":""},"class_list":["post-413","page","type-page","status-publish"],"yoast_head":"<!-- This site is optimized with the Yoast SEO plugin v22.5 - https:\/\/yoast.com\/wordpress\/plugins\/seo\/ -->\n<title>CONHE\u00c7A NOSSA DIRETORIA - FETRACOM-DF<\/title>\n<meta name=\"robots\" content=\"index, follow, max-snippet:-1, max-image-preview:large, max-video-preview:-1\" \/>\n<link rel=\"canonical\" href=\"https:\/\/fetracomdf.com.br\/site\/diretoria\/\" \/>\n<meta property=\"og:locale\" content=\"pt_PT\" \/>\n<meta property=\"og:type\" content=\"article\" \/>\n<meta property=\"og:title\" content=\"CONHE\u00c7A NOSSA DIRETORIA - FETRACOM-DF\" \/>\n<meta property=\"og:description\" content=\"2023 &#8211; 2027 ALBERTO OLIVEIRA SANTOS FELIPE ARAUJO SOUSA WASHINGTON DOMINGUES NEVES RAIMUNDO NONATO CORREA MORAIS GERALDA GODINHO DE SALES VERA LUCIA RODRIGUES DE FRAN\u00c7A ARNALDO CORREA DE OLIVEIRA ALAN GERMANO GRANJEIRO JACKSON DA SILVA \u00c1ZARA MARIO ELI LOPES DOS SANTOS ONEIDES PACHECO DE SOUSA CARLOS HENRIQUE ALVES DA SILVA DANIEL BORGES DE OLIVEIRA WILLIAM [&hellip;]\" \/>\n<meta property=\"og:url\" content=\"https:\/\/fetracomdf.com.br\/site\/diretoria\/\" \/>\n<meta property=\"og:site_name\" content=\"FETRACOM-DF\" \/>\n<meta property=\"article:modified_time\" content=\"2023-07-06T19:56:24+00:00\" \/>\n<meta name=\"twitter:card\" content=\"summary_large_image\" \/>\n<meta name=\"twitter:label1\" content=\"Tempo estimado de leitura\" \/>\n\t<meta name=\"twitter:data1\" content=\"1 minuto\" \/>\n<script type=\"application\/ld+json\" class=\"yoast-schema-graph\">{\"@context\":\"https:\/\/schema.org\",\"@graph\":[{\"@type\":\"WebPage\",\"@id\":\"https:\/\/fetracomdf.com.br\/site\/diretoria\/\",\"url\":\"https:\/\/fetracomdf.com.br\/site\/diretoria\/\",\"name\":\"CONHE\u00c7A NOSSA DIRETORIA - FETRACOM-DF\",\"isPartOf\":{\"@id\":\"https:\/\/fetracomdf.com.br\/site\/#website\"},\"datePublished\":\"2015-12-07T11:07:16+00:00\",\"dateModified\":\"2023-07-06T19:56:24+00:00\",\"breadcrumb\":{\"@id\":\"https:\/\/fetracomdf.com.br\/site\/diretoria\/#breadcrumb\"},\"inLanguage\":\"pt-PT\",\"potentialAction\":[{\"@type\":\"ReadAction\",\"target\":[\"https:\/\/fetracomdf.com.br\/site\/diretoria\/\"]}]},{\"@type\":\"BreadcrumbList\",\"@id\":\"https:\/\/fetracomdf.com.br\/site\/diretoria\/#breadcrumb\",\"itemListElement\":[{\"@type\":\"ListItem\",\"position\":1,\"name\":\"In\u00edcio\",\"item\":\"https:\/\/fetracomdf.com.br\/site\/\"},{\"@type\":\"ListItem\",\"position\":2,\"name\":\"CONHE\u00c7A NOSSA DIRETORIA\"}]},{\"@type\":\"WebSite\",\"@id\":\"https:\/\/fetracomdf.com.br\/site\/#website\",\"url\":\"https:\/\/fetracomdf.com.br\/site\/\",\"name\":\"FETRACOM-DF\",\"description\":\"Federa\u00e7\u00e3o dos Trabalhadores no Com\u00e9rcio e Servi\u00e7os do DF\",\"potentialAction\":[{\"@type\":\"SearchAction\",\"target\":{\"@type\":\"EntryPoint\",\"urlTemplate\":\"https:\/\/fetracomdf.com.br\/site\/?s={search_term_string}\"},\"query-input\":\"required name=search_term_string\"}],\"inLanguage\":\"pt-PT\"}]}<\/script>\n<!-- \/ Yoast SEO plugin. -->","yoast_head_json":{"title":"CONHE\u00c7A NOSSA DIRETORIA - FETRACOM-DF","robots":{"index":"index","follow":"follow","max-snippet":"max-snippet:-1","max-image-preview":"max-image-preview:large","max-video-preview":"max-video-preview:-1"},"canonical":"https:\/\/fetracomdf.com.br\/site\/diretoria\/","og_locale":"pt_PT","og_type":"article","og_title":"CONHE\u00c7A NOSSA DIRETORIA - FETRACOM-DF","og_description":"2023 &#8211; 2027 ALBERTO OLIVEIRA SANTOS FELIPE ARAUJO SOUSA WASHINGTON DOMINGUES NEVES RAIMUNDO NONATO CORREA MORAIS GERALDA GODINHO DE SALES VERA LUCIA RODRIGUES DE FRAN\u00c7A ARNALDO CORREA DE OLIVEIRA ALAN GERMANO GRANJEIRO JACKSON DA SILVA \u00c1ZARA MARIO ELI LOPES DOS SANTOS ONEIDES PACHECO DE SOUSA CARLOS HENRIQUE ALVES DA SILVA DANIEL BORGES DE OLIVEIRA WILLIAM [&hellip;]","og_url":"https:\/\/fetracomdf.com.br\/site\/diretoria\/","og_site_name":"FETRACOM-DF","article_modified_time":"2023-07-06T19:56:24+00:00","twitter_card":"summary_large_image","twitter_misc":{"Tempo estimado de leitura":"1 minuto"},"schema":{"@context":"https:\/\/schema.org","@graph":[{"@type":"WebPage","@id":"https:\/\/fetracomdf.com.br\/site\/diretoria\/","url":"https:\/\/fetracomdf.com.br\/site\/diretoria\/","name":"CONHE\u00c7A NOSSA DIRETORIA - FETRACOM-DF","isPartOf":{"@id":"https:\/\/fetracomdf.com.br\/site\/#website"},"datePublished":"2015-12-07T11:07:16+00:00","dateModified":"2023-07-06T19:56:24+00:00","breadcrumb":{"@id":"https:\/\/fetracomdf.com.br\/site\/diretoria\/#breadcrumb"},"inLanguage":"pt-PT","potentialAction":[{"@type":"ReadAction","target":["https:\/\/fetracomdf.com.br\/site\/diretoria\/"]}]},{"@type":"BreadcrumbList","@id":"https:\/\/fetracomdf.com.br\/site\/diretoria\/#breadcrumb","itemListElement":[{"@type":"ListItem","position":1,"name":"In\u00edcio","item":"https:\/\/fetracomdf.com.br\/site\/"},{"@type":"ListItem","position":2,"name":"CONHE\u00c7A NOSSA DIRETORIA"}]},{"@type":"WebSite","@id":"https:\/\/fetracomdf.com.br\/site\/#website","url":"https:\/\/fetracomdf.com.br\/site\/","name":"FETRACOM-DF","description":"Federa\u00e7\u00e3o dos Trabalhadores no Com\u00e9rcio e Servi\u00e7os do DF","potentialAction":[{"@type":"SearchAction","target":{"@type":"EntryPoint","urlTemplate":"https:\/\/fetracomdf.com.br\/site\/?s={search_term_string}"},"query-input":"required name=search_term_string"}],"inLanguage":"pt-PT"}]}},"_links":{"self":[{"href":"https:\/\/fetracomdf.com.br\/site\/wp-json\/wp\/v2\/pages\/413","targetHints":{"allow":["GET"]}}],"collection":[{"href":"https:\/\/fetracomdf.com.br\/site\/wp-json\/wp\/v2\/pages"}],"about":[{"href":"https:\/\/fetracomdf.com.br\/site\/wp-json\/wp\/v2\/types\/page"}],"author":[{"embeddable":true,"href":"https:\/\/fetracomdf.com.br\/site\/wp-json\/wp\/v2\/users\/2"}],"replies":[{"embeddable":true,"href":"https:\/\/fetracomdf.com.br\/site\/wp-json\/wp\/v2\/comments?post=413"}],"version-history":[{"count":7,"href":"https:\/\/fetracomdf.com.br\/site\/wp-json\/wp\/v2\/pages\/413\/revisions"}],"predecessor-version":[{"id":2577,"href":"https:\/\/fetracomdf.com.br\/site\/wp-json\/wp\/v2\/pages\/413\/revisions\/2577"}],"wp:attachment":[{"href":"https:\/\/fetracomdf.com.br\/site\/wp-json\/wp\/v2\/media?parent=413"}],"curies":[{"name":"wp","href":"https:\/\/api.w.org\/{rel}","templated":true}]}}